{"id":138,"date":"2017-10-02T20:34:15","date_gmt":"2017-10-02T19:34:15","guid":{"rendered":"http:\/\/coiffure-moustache.ch\/wpwordpress\/?page_id=138"},"modified":"2021-10-18T12:49:29","modified_gmt":"2021-10-18T11:49:29","slug":"impressum","status":"publish","type":"page","link":"https:\/\/hofklf.ch\/wp\/kontakt\/impressum\/","title":{"rendered":"Impressum"},"content":{"rendered":"<div class=\"vc_row wpb_row vc_row-fluid\"><div class=\"wpb_column vc_column_container vc_col-sm-12\"><div class=\"vc_column-inner\"><div class=\"wpb_wrapper\">\n\t<div class=\"wpb_text_column wpb_content_element \" >\n\t\t<div class=\"wpb_wrapper\">\n\t\t\t<p><strong>Verantwortung f\u00fcr die Website<\/strong><br \/>\nHof Klosterfiechten<br \/>\nKurt und Christine Jordi-Oberli<br \/>\nKlosterfiechtenweg 22 | 4052 Basel | Switzerland<br \/>\ninfo[at]hofklf.ch<\/p>\n<p><strong>Haftungshinweis<\/strong><br \/>\nTrotz sorgf\u00e4ltiger inhaltlicher Kontrolle \u00fcbernehmen wir keine Haftung f\u00fcr die Inhalte externer Links. F\u00fcr den Inhalt verlinkter Seiten sind ausschliesslich deren Betreiber verantwortlich.<\/p>\n<p><strong>Konzept und Realisation<\/strong><br \/>\nkilian EDV GmbH<br \/>\nMittlerer Rainweg 8 |\u00a04414 F\u00fcllinsdorf | Switzerland<br \/>\ninfo[at]kilian.ch<\/p>\n<p><strong>Disclaimer<\/strong><br \/>\n<span style=\"text-decoration: underline;\">1. Inhalt<\/span><br \/>\nBei der Erstellung dieser Website werden alle Anstrengungen unternommen, um die darin enthaltenen Informationen m\u00f6glichst aktuell, sachlich korrekt und eindeutig zu halten. Trotz aller Sorgfalt kann es zu unbeabsichtigten Fehlangaben kommen. Wir schliessen daher insbesondere jegliche Haftung f\u00fcr Tipp- oder Druckfehler und f\u00fcr die Exaktheit, Vollst\u00e4ndigkeit und Aktualit\u00e4t der auf der Website enthaltenen Informationen aus. Die Inhalte der Website werden von uns unverbindlich und unter Ausschluss jeglicher Garantien oder Zusicherungen angeboten. Gleiches gilt auch f\u00fcr alle Websites, auf die mittels Hyperlink verwiesen wird. Wir\u00a0\u00fcbernehmen keinerlei Gew\u00e4hr f\u00fcr die Aktualit\u00e4t, Korrektheit, Vollst\u00e4ndigkeit oder Qualit\u00e4t der bereitgestellten Informationen. Haftungsanspr\u00fcche gegen uns, welche sich auf Sch\u00e4den materieller oder ideeller Art beziehen, die durch die Nutzung oder Nichtnutzung der dargebotenen Informationen bzw. durch die Nutzung fehlerhafter und unvollst\u00e4ndiger Informationen verursacht wurden, sind grunds\u00e4tzlich ausgeschlossen, sofern unsererseits\u00a0kein nachweislich vors\u00e4tzliches oder grob fahrl\u00e4ssiges Verschulden vorliegt. Alle Angebote sind freibleibend und unverbindlich. Wir behalten\u00a0es uns ausdr\u00fccklich vor (aus welchem Grund und in welcher Art und Weise auch immer), Teile der Seiten oder das gesamte Angebot ohne gesonderte Ank\u00fcndigung zu ver\u00e4ndern, zu erg\u00e4nzen, zu l\u00f6schen oder die Ver\u00f6ffentlichung zeitweise oder endg\u00fcltig einzustellen.<br \/>\n<span style=\"text-decoration: underline;\">2. Verweise und Links<\/span><br \/>\nBei direkten oder indirekten Verweisen auf fremde Internetseiten (&#8218;Links&#8216;), die ausserhalb des Verantwortungsbereiches von uns\u00a0liegen, w\u00fcrde eine Haftungsverpflichtung ausschliesslich in dem Fall in Kraft treten, in dem wir\u00a0von den Inhalten Kenntnis hatten und es uns technisch m\u00f6glich und zumutbar w\u00e4re, die Nutzung im Falle rechtswidriger Inhalte zu verhindern. Wir erkl\u00e4ren\u00a0hiermit ausdr\u00fccklich, dass zum Zeitpunkt der Linksetzung keine illegalen Inhalte auf den zu verlinkenden Seiten erkennbar waren. Auf die aktuelle und zuk\u00fcnftige Gestaltung, die Inhalte oder die Urheberschaft der gelinkten\/verkn\u00fcpften Seiten haben wir keinerlei Einfluss. Deshalb distanziert wir uns\u00a0hiermit ausdr\u00fccklich von allen Inhalten aller gelinkten\/verkn\u00fcpften Seiten, die nach der Linksetzung ver\u00e4ndert wurden. Diese Feststellung gilt f\u00fcr alle innerhalb des eigenen Internetangebotes gesetzten Links und Verweise sowie f\u00fcr Fremdeintr\u00e4ge in von uns\u00a0eingerichteten G\u00e4steb\u00fcchern, Diskussionsforen und Mailinglisten. F\u00fcr illegale, fehlerhafte oder unvollst\u00e4ndige Inhalte und insbesondere f\u00fcr Sch\u00e4den, die aus der Nutzung oder Nichtnutzung solcherart dargebotener Informationen entstehen, haftet allein der Anbieter oder die Anbieterin\u00a0der Seite, auf welche verwiesen wurde, nicht wer\u00a0 \u00fcber Links auf die jeweilige Ver\u00f6ffentlichung lediglich verweist.<br \/>\n<span style=\"text-decoration: underline;\">3. Urheber- und Kennzeichenrecht<\/span><br \/>\nWir sind\u00a0bestrebt, in allen Publikationen die Urheberrechte der verwendeten Grafiken, Tondokumente, Videosequenzen und Texte zu beachten, von uns selbst erstellte Grafiken, Tondokumente, Videosequenzen und Texte zu nutzen oder auf lizenzfreie Grafiken, Tondokumente, Videosequenzen und Texte zur\u00fcckzugreifen. Alle innerhalb des Internetangebotes genannten und ggf. durch Dritte gesch\u00fctzten Marken- und Warenzeichen unterliegen uneingeschr\u00e4nkt den Bestimmungen des jeweils g\u00fcltigen Kennzeichenrechts und den Besitzrechten der jeweiligen eingetragenen Eigent\u00fcmer. Allein aufgrund der blossen Nennung ist nicht der Schluss zu ziehen, dass Markenzeichen nicht durch Rechte Dritter gesch\u00fctzt sind! Das Copyright f\u00fcr ver\u00f6ffentlichte, von uns\u00a0selbst erstellte Objekte bleibt allein bei uns. Eine Vervielf\u00e4ltigung oder Verwendung solcher Grafiken, Tondokumente, Videosequenzen und Texte in anderen elektronischen oder gedruckten Publikationen ist ohne unsere ausdr\u00fcckliche Zustimmung nicht gestattet.<br \/>\n<span style=\"text-decoration: underline;\">4. Datenschutz<\/span><br \/>\nSofern innerhalb des Internetangebotes die M\u00f6glichkeit zur Eingabe pers\u00f6nlicher oder gesch\u00e4ftlicher Daten (eMail-Adressen, Namen, Anschriften) besteht, so erfolgt die Preisgabe dieser Daten seitens der Nutzer auf ausdr\u00fccklich freiwilliger Basis. Die Inanspruchnahme und Bezahlung aller angebotenen Dienste ist &#8211; soweit technisch m\u00f6glich und zumutbar &#8211; auch ohne Angabe solcher Daten bzw. unter Angabe anonymisierter Daten oder eines Pseudonyms gestattet.<br \/>\n<span style=\"text-decoration: underline;\">5. Rechtswirksamkeit dieses Haftungsausschlusses<\/span><br \/>\nDieser Haftungsausschluss ist als Teil des Internetangebotes zu betrachten, von dem aus auf diese Seite verwiesen wurde. Sofern Teile oder einzelne Formulierungen dieses Textes der geltenden Rechtslage nicht, nicht mehr oder nicht vollst\u00e4ndig entsprechen sollten, bleiben die \u00fcbrigen Teile des Dokumentes in ihrem Inhalt und ihrer G\u00fcltigkeit davon unber\u00fchrt.<br \/>\n<span style=\"text-decoration: underline;\">6. Anwendbares Recht<\/span><br \/>\nAuf Inhalt und Gebrauch dieser Website ist schweizerisches Recht anwendbar.<\/p>\n\n\t\t<\/div>\n\t<\/div>\n<\/div><\/div><\/div><\/div>\n","protected":false},"excerpt":{"rendered":"Verantwortung f\u00fcr die Website Hof Klosterfiechten Kurt und Christine Jordi-Oberli Klosterfiechtenweg 22 | 4052 Basel | Switzerland info[at]hofklf.ch Haftungshinweis Trotz[...]","protected":false},"author":3,"featured_media":0,"parent":159,"menu_order":1,"comment_status":"closed","ping_status":"closed","template":"template-fullwidth.php","meta":[],"_links":{"self":[{"href":"https:\/\/hofklf.ch\/wp\/wp-json\/wp\/v2\/pages\/138"}],"collection":[{"href":"https:\/\/hofklf.ch\/wp\/wp-json\/wp\/v2\/pages"}],"about":[{"href":"https:\/\/hofklf.ch\/wp\/wp-json\/wp\/v2\/types\/page"}],"author":[{"embeddable":true,"href":"https:\/\/hofklf.ch\/wp\/wp-json\/wp\/v2\/users\/3"}],"replies":[{"embeddable":true,"href":"https:\/\/hofklf.ch\/wp\/wp-json\/wp\/v2\/comments?post=138"}],"version-history":[{"count":10,"href":"https:\/\/hofklf.ch\/wp\/wp-json\/wp\/v2\/pages\/138\/revisions"}],"predecessor-version":[{"id":1816,"href":"https:\/\/hofklf.ch\/wp\/wp-json\/wp\/v2\/pages\/138\/revisions\/1816"}],"up":[{"embeddable":true,"href":"https:\/\/hofklf.ch\/wp\/wp-json\/wp\/v2\/pages\/159"}],"wp:attachment":[{"href":"https:\/\/hofklf.ch\/wp\/wp-json\/wp\/v2\/media?parent=138"}],"curies":[{"name":"wp","href":"https:\/\/api.w.org\/{rel}","templated":true}]}}